{"id":1069,"date":"2021-02-02T10:41:35","date_gmt":"2021-02-02T09:41:35","guid":{"rendered":"https:\/\/www.julabo-stiftung.org\/?page_id=1069"},"modified":"2021-02-02T10:41:35","modified_gmt":"2021-02-02T09:41:35","slug":"bewerbungsformular","status":"publish","type":"page","link":"https:\/\/www.julabo-stiftung.org\/de\/bewerbungsformular\/","title":{"rendered":"Bewerbungsformular"},"content":{"rendered":"<div class=\"frm_forms  with_frm_style frm_style_formidable-style\" id=\"frm_form_9_container\" data-token=\"1d199ae2c6078f2f4e0b9fbef44bb4f9\">\n<form enctype=\"multipart\/form-data\" method=\"post\" class=\"frm-show-form  frm_pro_form \" id=\"form_bewerbungsformular\" data-token=\"1d199ae2c6078f2f4e0b9fbef44bb4f9\">\n<div class=\"frm_form_fields \">\n<fieldset>\n<legend class=\"frm_screen_reader\">Bewerbungsformular<\/legend>\r\n\r\n<div class=\"frm_fields_container\">\n<input type=\"hidden\" name=\"frm_action\" value=\"create\" \/>\n<input type=\"hidden\" name=\"form_id\" value=\"9\" \/>\n<input type=\"hidden\" name=\"frm_hide_fields_9\" id=\"frm_hide_fields_9\" value=\"\" \/>\n<input type=\"hidden\" name=\"form_key\" value=\"bewerbungsformular\" \/>\n<input type=\"hidden\" name=\"item_meta[0]\" value=\"\" \/>\n<input type=\"hidden\" id=\"frm_submit_entry_9\" name=\"frm_submit_entry_9\" value=\"201214defc\" \/><input type=\"hidden\" name=\"_wp_http_referer\" value=\"\/de\/wp-json\/wp\/v2\/pages\/1069\" \/><div id=\"frm_field_84_container\" class=\"frm_form_field form-field  frm_required_field frm_top_container\">\r\n    <label for=\"field_jbef1\" id=\"field_jbef1_label\" class=\"frm_primary_label\">Name Verein\/Institution\/Einrichtung\r\n        <span class=\"frm_required\">*<\/span>\r\n    <\/label>\r\n    <input  type=\"text\" id=\"field_jbef1\" name=\"item_meta[84]\" value=\"\"  data-reqmsg=\"Bitte Name Verein\/Institution\/Einrichtung eintragen.\" aria-required=\"true\" data-invmsg=\"Textfeld is invalid\" aria-invalid=\"false\"   \/>\r\n    \r\n    \r\n<\/div>\n<div id=\"frm_field_85_container\" class=\"frm_form_field form-field  frm_required_field frm_top_container\">\r\n    <label for=\"field_ah398\" id=\"field_ah398_label\" class=\"frm_primary_label\">Anschrift\r\n        <span class=\"frm_required\">*<\/span>\r\n    <\/label>\r\n    <input  type=\"text\" id=\"field_ah398\" name=\"item_meta[85]\" value=\"\"  data-reqmsg=\"Bitte Anschrift eintragen.\" aria-required=\"true\" data-invmsg=\"Textfeld is invalid\" aria-invalid=\"false\"   \/>\r\n    \r\n    \r\n<\/div>\n<div id=\"frm_field_86_container\" class=\"frm_form_field form-field  frm_required_field frm_top_container\">\r\n    <label for=\"field_o154n\" id=\"field_o154n_label\" class=\"frm_primary_label\">Ansprechpartner\r\n        <span class=\"frm_required\">*<\/span>\r\n    <\/label>\r\n    <input  type=\"text\" id=\"field_o154n\" name=\"item_meta[86]\" value=\"\"  data-reqmsg=\"Bitte Ansprechpartner eintragen.\" aria-required=\"true\" data-invmsg=\"Textfeld is invalid\" aria-invalid=\"false\"   \/>\r\n    \r\n    \r\n<\/div>\n<div id=\"frm_field_91_container\" class=\"frm_form_field form-field  frm_top_container\">\r\n    <label for=\"field_o47fc\" id=\"field_o47fc_label\" class=\"frm_primary_label\">Telefon\r\n        <span class=\"frm_required\"><\/span>\r\n    <\/label>\r\n    <input type=\"tel\" id=\"field_o47fc\" name=\"item_meta[91]\" value=\"\"  data-invmsg=\"Telefonnummer ung\u00fcltig\" aria-invalid=\"false\" pattern=\"((\\+\\d{1,3}(-|.| )?\\(?\\d\\)?(-| |.)?\\d{1,5})|(\\(?\\d{2,6}\\)?))(-|.| )?(\\d{3,4})(-|.| )?(\\d{4})(( x| ext)\\d{1,5}){0,1}$\"  \/>\r\n    \r\n    \r\n<\/div>\n<div id=\"frm_field_92_container\" class=\"frm_form_field form-field  frm_required_field frm_top_container\">\r\n    <label for=\"field_4xp63\" id=\"field_4xp63_label\" class=\"frm_primary_label\">E-Mail\r\n        <span class=\"frm_required\">*<\/span>\r\n    <\/label>\r\n    <input type=\"email\" id=\"field_4xp63\" name=\"item_meta[92]\" value=\"\"  data-reqmsg=\"Dieses Feld darf nicht leer sein.\" aria-required=\"true\" data-invmsg=\"E-Mail is invalid\" aria-invalid=\"false\"  \/>\r\n    \r\n    \r\n<\/div>\n<div id=\"frm_field_90_container\" class=\"frm_form_field form-field  frm_required_field frm_top_container\">\r\n    <label for=\"field_gi23y\" id=\"field_gi23y_label\" class=\"frm_primary_label\">Mitgliederzahl\r\n        <span class=\"frm_required\">*<\/span>\r\n    <\/label>\r\n    <input type=\"number\" id=\"field_gi23y\" name=\"item_meta[90]\" value=\"\" data-reqmsg=\"Bitte Mitgliederzahl eintragen.\" aria-required=\"true\" data-invmsg=\"Mitgliederzahl ung\u00fcltig\" aria-invalid=\"false\"   min=\"0\" max=\"9999999\" step=\"any\" \/>\r\n    \r\n    \r\n<\/div>\n<div id=\"frm_field_93_container\" class=\"frm_form_field form-field  frm_required_field frm_top_container\">\r\n    <label for=\"field_1kpvs\" id=\"field_1kpvs_label\" class=\"frm_primary_label\">Bitte beschreiben Sie kurz und eindeutig, f\u00fcr welchen Zweck Sie die Spende ben\u00f6tigen.\r\n        <span class=\"frm_required\">*<\/span>\r\n    <\/label>\r\n    <input  type=\"text\" id=\"field_1kpvs\" name=\"item_meta[93]\" value=\"\"  data-reqmsg=\"Bitte beschreiben Sie kurz und eindeutig, f\u00fcr welchen Zweck Sie die Spende ben\u00f6tigen.\" aria-required=\"true\" data-invmsg=\"Textfeld is invalid\" aria-invalid=\"false\"   \/>\r\n    \r\n    \r\n<\/div>\n<div id=\"frm_field_109_container\" class=\"frm_form_field form-field  frm_required_field frm_top_container\">\r\n    <label for=\"field_2n99w\" id=\"field_2n99w_label\" class=\"frm_primary_label\">Bitte teilen Sie uns die H\u00f6he des ben\u00f6tigten Betrags mit.\r\n        <span class=\"frm_required\">*<\/span>\r\n    <\/label>\r\n    <div class=\"frm_input_group frm_with_box frm_with_post\"><input type=\"number\" id=\"field_2n99w\" name=\"item_meta[109]\" value=\"\" data-reqmsg=\"Bitte teilen Sie uns die H\u00f6he des ben\u00f6tigten Betrags mit.\" aria-required=\"true\" data-invmsg=\"Bitte teilen Sie uns die H\u00f6he des ben\u00f6tigten Betrags mit. ist ung\u00fcltig\" aria-invalid=\"false\"   min=\"0\" max=\"9999999\" step=\"any\" \/><span class=\"frm_inline_box\">\u20ac<\/span><\/div>\r\n    \r\n    \r\n<\/div>\n<div id=\"frm_field_95_container\" class=\"frm_form_field form-field  frm_required_field frm_top_container\">\r\n    <label for=\"field_5t40d\" id=\"field_5t40d_label\" class=\"frm_primary_label\">Was macht Ihren Verein so besonders? Warum sollten wir uns f\u00fcr Sie entscheiden?\r\n        <span class=\"frm_required\">*<\/span>\r\n    <\/label>\r\n    <input  type=\"text\" id=\"field_5t40d\" name=\"item_meta[95]\" value=\"\"  data-reqmsg=\"Was macht Ihren Verein so besonders? Warum sollten wir uns f\u00fcr Sie entscheiden?\" aria-required=\"true\" data-invmsg=\"Textfeld is invalid\" aria-invalid=\"false\"   \/>\r\n    \r\n    \r\n<\/div>\n<div id=\"frm_field_96_container\" class=\"frm_form_field form-field  frm_required_field frm_top_container vertical_radio\">\r\n    <div  id=\"field_gn602_label\" class=\"frm_primary_label\">Wir f\u00f6rdern mit unserm Verein \/ unserer Institution \/ unserer Einrichtung:\r\n        <span class=\"frm_required\">*<\/span>\r\n    <\/div>\r\n    <div class=\"frm_opt_container\" aria-labelledby=\"field_gn602_label\" role=\"group\">\t\t<div class=\"frm_checkbox\" id=\"frm_checkbox_96-0\">\t\t\t<label  for=\"field_gn602-0\">\n\t\t\t<input type=\"checkbox\" name=\"item_meta[96][]\" id=\"field_gn602-0\" value=\"Wissenschaft &amp; Forschung\"  data-reqmsg=\"Dieses Feld darf nicht leer sein.\" data-invmsg=\"Wir f\u00f6rdern mit unserm Verein \/ unserer Institution \/ unserer Einrichtung: is invalid\"   aria-required=\"true\"  \/> Wissenschaft &amp; Forschung<\/label><\/div>\n\t\t<div class=\"frm_checkbox\" id=\"frm_checkbox_96-1\">\t\t\t<label  for=\"field_gn602-1\">\n\t\t\t<input type=\"checkbox\" name=\"item_meta[96][]\" id=\"field_gn602-1\" value=\"Kinder-\/Jugendliche\"  data-reqmsg=\"Dieses Feld darf nicht leer sein.\" data-invmsg=\"Wir f\u00f6rdern mit unserm Verein \/ unserer Institution \/ unserer Einrichtung: is invalid\"   \/> Kinder-\/Jugendliche<\/label><\/div>\n\t\t<div class=\"frm_checkbox\" id=\"frm_checkbox_96-2\">\t\t\t<label  for=\"field_gn602-2\">\n\t\t\t<input type=\"checkbox\" name=\"item_meta[96][]\" id=\"field_gn602-2\" value=\"Altenhilfe\"  data-reqmsg=\"Dieses Feld darf nicht leer sein.\" data-invmsg=\"Wir f\u00f6rdern mit unserm Verein \/ unserer Institution \/ unserer Einrichtung: is invalid\"   \/> Altenhilfe<\/label><\/div>\n\t\t<div class=\"frm_checkbox\" id=\"frm_checkbox_96-3\">\t\t\t<label  for=\"field_gn602-3\">\n\t\t\t<input type=\"checkbox\" name=\"item_meta[96][]\" id=\"field_gn602-3\" value=\"Sport\"  data-reqmsg=\"Dieses Feld darf nicht leer sein.\" data-invmsg=\"Wir f\u00f6rdern mit unserm Verein \/ unserer Institution \/ unserer Einrichtung: is invalid\"   \/> Sport<\/label><\/div>\n\t\t<div class=\"frm_checkbox\" id=\"frm_checkbox_96-4\">\t\t\t<label  for=\"field_gn602-4\">\n\t\t\t<input type=\"checkbox\" name=\"item_meta[96][]\" id=\"field_gn602-4\" value=\"Kunst &amp; Kultur\"  data-reqmsg=\"Dieses Feld darf nicht leer sein.\" data-invmsg=\"Wir f\u00f6rdern mit unserm Verein \/ unserer Institution \/ unserer Einrichtung: is invalid\"   \/> Kunst &amp; Kultur<\/label><\/div>\n\t\t<div class=\"frm_checkbox\" id=\"frm_checkbox_96-5\">\t\t\t<label  for=\"field_gn602-5\">\n\t\t\t<input type=\"checkbox\" name=\"item_meta[96][]\" id=\"field_gn602-5\" value=\"Feuer-, Arbeits-, Katastrophen- und Zivilschutzes sowie Unfallverh\u00fctung\"  data-reqmsg=\"Dieses Feld darf nicht leer sein.\" data-invmsg=\"Wir f\u00f6rdern mit unserm Verein \/ unserer Institution \/ unserer Einrichtung: is invalid\"   \/> Feuer-, Arbeits-, Katastrophen- und Zivilschutzes sowie Unfallverh\u00fctung<\/label><\/div>\n\t\t<div class=\"frm_checkbox\" id=\"frm_checkbox_96-6\">\t\t\t<label  for=\"field_gn602-6\">\n\t\t\t<input type=\"checkbox\" name=\"item_meta[96][]\" id=\"field_gn602-6\" value=\"Heimatpflege bzw. Heimatkunde\"  data-reqmsg=\"Dieses Feld darf nicht leer sein.\" data-invmsg=\"Wir f\u00f6rdern mit unserm Verein \/ unserer Institution \/ unserer Einrichtung: is invalid\"   \/> Heimatpflege bzw. Heimatkunde<\/label><\/div>\n<\/div>\r\n    \r\n    \r\n<\/div>\n<div id=\"frm_field_97_container\" class=\"frm_form_field form-field  frm_required_field frm_top_container vertical_radio frm_other_container\">\r\n    <div  id=\"field_zpsgp_label\" class=\"frm_primary_label\">Wie sind Sie auf die JULABO-Stiftung aufmerksam geworden:\r\n        <span class=\"frm_required\">*<\/span>\r\n    <\/div>\r\n    <div class=\"frm_opt_container\" aria-labelledby=\"field_zpsgp_label\" role=\"group\">\t\t<div class=\"frm_checkbox\" id=\"frm_checkbox_97-0\">\t\t\t<label  for=\"field_zpsgp-0\">\n\t\t\t<input type=\"checkbox\" name=\"item_meta[97][]\" id=\"field_zpsgp-0\" value=\"Radio\"  data-reqmsg=\"Dieses Feld darf nicht leer sein.\" data-invmsg=\"Wie sind Sie auf die JULABO-Stiftung aufmerksam geworden: is invalid\"   aria-required=\"true\"  \/> Radio<\/label><\/div>\n\t\t<div class=\"frm_checkbox\" id=\"frm_checkbox_97-1\">\t\t\t<label  for=\"field_zpsgp-1\">\n\t\t\t<input type=\"checkbox\" name=\"item_meta[97][]\" id=\"field_zpsgp-1\" value=\"Zeitung\"  data-reqmsg=\"Dieses Feld darf nicht leer sein.\" data-invmsg=\"Wie sind Sie auf die JULABO-Stiftung aufmerksam geworden: is invalid\"   \/> Zeitung<\/label><\/div>\n\t\t<div class=\"frm_checkbox\" id=\"frm_checkbox_97-2\">\t\t\t<label  for=\"field_zpsgp-2\">\n\t\t\t<input type=\"checkbox\" name=\"item_meta[97][]\" id=\"field_zpsgp-2\" value=\"Mitteilungsblatt\"  data-reqmsg=\"Dieses Feld darf nicht leer sein.\" data-invmsg=\"Wie sind Sie auf die JULABO-Stiftung aufmerksam geworden: is invalid\"   \/> Mitteilungsblatt<\/label><\/div>\n\t\t<div class=\"frm_checkbox\" id=\"frm_checkbox_97-3\">\t\t\t<label  for=\"field_zpsgp-3\">\n\t\t\t<input type=\"checkbox\" name=\"item_meta[97][]\" id=\"field_zpsgp-3\" value=\"Website der Stiftung bzw. von JULABO\"  data-reqmsg=\"Dieses Feld darf nicht leer sein.\" data-invmsg=\"Wie sind Sie auf die JULABO-Stiftung aufmerksam geworden: is invalid\"   \/> Website der Stiftung bzw. von JULABO<\/label><\/div>\n\t\t<div class=\"frm_checkbox\" id=\"frm_checkbox_97-4\">\t\t\t<label  for=\"field_zpsgp-4\">\n\t\t\t<input type=\"checkbox\" name=\"item_meta[97][]\" id=\"field_zpsgp-4\" value=\"Facebook\"  data-reqmsg=\"Dieses Feld darf nicht leer sein.\" data-invmsg=\"Wie sind Sie auf die JULABO-Stiftung aufmerksam geworden: is invalid\"   \/> Facebook<\/label><\/div>\n\t\t<div class=\"frm_checkbox\" id=\"frm_checkbox_97-other_6\">\t\t\t<label  for=\"field_zpsgp-other_6\">\n\t\t\t<input type=\"checkbox\" name=\"item_meta[97][other_6]\" id=\"field_zpsgp-other_6\" value=\"Sonstiges\"  data-reqmsg=\"Dieses Feld darf nicht leer sein.\" data-invmsg=\"Wie sind Sie auf die JULABO-Stiftung aufmerksam geworden: is invalid\"   \/> Sonstiges<\/label><label for=\"field_zpsgp-other_6-otext\" class=\"frm_screen_reader frm_hidden\">Sonstiges<\/label><input type=\"text\" id=\"field_zpsgp-other_6-otext\" class=\"frm_other_input frm_pos_none\"  name=\"item_meta[other][97][other_6]\" value=\"\" \/><\/div>\n<\/div>\r\n    \r\n    \r\n<\/div>\n<div id=\"frm_field_106_container\" class=\"frm_form_field form-field  frm_required_field frm_top_container vertical_radio\">\r\n    <div  id=\"field_9dany_label\" class=\"frm_primary_label\">\r\n        <span class=\"frm_required\">*<\/span>\r\n    <\/div>\r\n    <div class=\"frm_opt_container\" aria-labelledby=\"field_9dany_label\" role=\"group\">\t\t<div class=\"frm_checkbox\" id=\"frm_checkbox_106-0\">\t\t\t<label  for=\"field_9dany-0\">\n\t\t\t<input type=\"checkbox\" name=\"item_meta[106][]\" id=\"field_9dany-0\" value=\"Mit unserer Bewerbung best\u00e4tigen wir, dass unser Verein \/ unsere Institution \/ unsere Einrichtung die Berechtigung hat Spendenbescheinigungen auszustellen.\"  data-reqmsg=\"Dieses Feld darf nicht leer sein.\" data-invmsg=\"This field is invalid\"   aria-required=\"true\"  \/> Mit unserer Bewerbung best\u00e4tigen wir, dass unser Verein \/ unsere Institution \/ unsere Einrichtung die Berechtigung hat Spendenbescheinigungen auszustellen.<\/label><\/div>\n<\/div>\r\n    \r\n    \r\n<\/div>\n<div id=\"frm_field_153_container\" class=\"frm_form_field form-field  frm_top_container\">\n\t<label for=\"field_zx6er\" id=\"field_zx6er_label\" class=\"frm_primary_label\">\n\t\t<span class=\"frm_required\" aria-hidden=\"true\"><\/span>\n\t<\/label>\n\t<div class=\"frc-captcha\" data-sitekey=\"FCMOALO93NDLN92J\" data-theme=\"light\" ><\/div>\n\t\t<noscript>You need to enable Javascript for the anti-spam check.<\/noscript>\n\t\n\t\n<\/div>\n<div id=\"frm_field_148_container\" class=\"frm_form_field form-field \">\n\t<div class=\"frm_submit\">\r\n\r\n<button class=\"frm_button_submit frm_final_submit\" type=\"submit\"   formnovalidate=\"formnovalidate\">Absenden<\/button>\r\n\r\n<\/div>\n<\/div>\n\t<input type=\"hidden\" name=\"item_key\" value=\"\" \/>\n\t\t\t<div id=\"frm_field_161_container\">\n\t\t\t<label for=\"field_4ka9a\" >\n\t\t\t\tIf you are human, leave this field blank.\t\t\t<\/label>\n\t\t\t<input  id=\"field_4ka9a\" type=\"text\" class=\"frm_form_field form-field frm_verify\" name=\"item_meta[161]\" value=\"\"  \/>\n\t\t<\/div>\n\t\t<input name=\"frm_state\" type=\"hidden\" value=\"5+25P4ib6SmFyLk8jz\/eXFKLE70mayMyRmVKGhlpT1wdq3YBSgKiXIBAYZBnrxsH\" \/><\/div>\n<\/fieldset>\n<\/div>\n\n<\/form>\n<\/div>\n","protected":false},"excerpt":{"rendered":"","protected":false},"author":5,"featured_media":0,"parent":0,"menu_order":0,"comment_status":"closed","ping_status":"closed","template":"","meta":{"footnotes":""},"class_list":["post-1069","page","type-page","status-publish","hentry"],"_links":{"self":[{"href":"https:\/\/www.julabo-stiftung.org\/de\/wp-json\/wp\/v2\/pages\/1069","targetHints":{"allow":["GET"]}}],"collection":[{"href":"https:\/\/www.julabo-stiftung.org\/de\/wp-json\/wp\/v2\/pages"}],"about":[{"href":"https:\/\/www.julabo-stiftung.org\/de\/wp-json\/wp\/v2\/types\/page"}],"author":[{"embeddable":true,"href":"https:\/\/www.julabo-stiftung.org\/de\/wp-json\/wp\/v2\/users\/5"}],"replies":[{"embeddable":true,"href":"https:\/\/www.julabo-stiftung.org\/de\/wp-json\/wp\/v2\/comments?post=1069"}],"version-history":[{"count":1,"href":"https:\/\/www.julabo-stiftung.org\/de\/wp-json\/wp\/v2\/pages\/1069\/revisions"}],"predecessor-version":[{"id":1070,"href":"https:\/\/www.julabo-stiftung.org\/de\/wp-json\/wp\/v2\/pages\/1069\/revisions\/1070"}],"wp:attachment":[{"href":"https:\/\/www.julabo-stiftung.org\/de\/wp-json\/wp\/v2\/media?parent=1069"}],"curies":[{"name":"wp","href":"https:\/\/api.w.org\/{rel}","templated":true}]}}