{"id":1077,"date":"2021-02-02T10:56:53","date_gmt":"2021-02-02T09:56:53","guid":{"rendered":"https:\/\/www.julabo-stiftung.org\/?page_id=1077"},"modified":"2024-04-25T09:23:29","modified_gmt":"2024-04-25T07:23:29","slug":"paypal-formular","status":"publish","type":"page","link":"https:\/\/www.julabo-stiftung.org\/de\/paypal-formular\/","title":{"rendered":"VIA PayPal"},"content":{"rendered":"\n<p>Gerne nehmen wir Ihre Spende \u00fcber Paypal entgegen. Nutzen Sie den QR Code oder den Link <a href=\"https:\/\/www.paypal.com\/paypalme\/my\/profile\">paypal.me\/JulaboStiftung<\/a> um Ihre Spende durchf\u00fchren zu k\u00f6nnen. M\u00f6chten Sie eine Spendenquittung erhalten? Bitte senden Sie uns hierzu Ihre Kontaktdaten zu. <br>Herzlichen Dank! <\/p>\n\n\n\n<figure class=\"wp-block-image size-full\"><img loading=\"lazy\" decoding=\"async\" width=\"500\" height=\"500\" src=\"https:\/\/www.julabo-stiftung.org\/wp-content\/uploads\/2024\/03\/qrcode.png\" alt=\"\" class=\"wp-image-1848\" srcset=\"https:\/\/www.julabo-stiftung.org\/wp-content\/uploads\/2024\/03\/qrcode.png 500w, https:\/\/www.julabo-stiftung.org\/wp-content\/uploads\/2024\/03\/qrcode-300x300.png 300w, https:\/\/www.julabo-stiftung.org\/wp-content\/uploads\/2024\/03\/qrcode-150x150.png 150w, https:\/\/www.julabo-stiftung.org\/wp-content\/uploads\/2024\/03\/qrcode-348x348.png 348w, https:\/\/www.julabo-stiftung.org\/wp-content\/uploads\/2024\/03\/qrcode-354x354.png 354w, https:\/\/www.julabo-stiftung.org\/wp-content\/uploads\/2024\/03\/qrcode-100x100.png 100w\" sizes=\"auto, (max-width: 500px) 100vw, 500px\" \/><\/figure>\n","protected":false},"excerpt":{"rendered":"<p>Gerne nehmen wir Ihre Spende \u00fcber Paypal entgegen. Nutzen Sie den QR Code oder den Link paypal.me\/JulaboStiftung um Ihre Spende durchf\u00fchren zu k\u00f6nnen. M\u00f6chten Sie eine Spendenquittung erhalten? Bitte senden Sie uns hierzu Ihre Kontaktdaten zu. Herzlichen Dank!<\/p>\n","protected":false},"author":5,"featured_media":0,"parent":0,"menu_order":0,"comment_status":"closed","ping_status":"closed","template":"","meta":{"footnotes":""},"class_list":["post-1077","page","type-page","status-publish","hentry"],"_links":{"self":[{"href":"https:\/\/www.julabo-stiftung.org\/de\/wp-json\/wp\/v2\/pages\/1077","targetHints":{"allow":["GET"]}}],"collection":[{"href":"https:\/\/www.julabo-stiftung.org\/de\/wp-json\/wp\/v2\/pages"}],"about":[{"href":"https:\/\/www.julabo-stiftung.org\/de\/wp-json\/wp\/v2\/types\/page"}],"author":[{"embeddable":true,"href":"https:\/\/www.julabo-stiftung.org\/de\/wp-json\/wp\/v2\/users\/5"}],"replies":[{"embeddable":true,"href":"https:\/\/www.julabo-stiftung.org\/de\/wp-json\/wp\/v2\/comments?post=1077"}],"version-history":[{"count":6,"href":"https:\/\/www.julabo-stiftung.org\/de\/wp-json\/wp\/v2\/pages\/1077\/revisions"}],"predecessor-version":[{"id":1882,"href":"https:\/\/www.julabo-stiftung.org\/de\/wp-json\/wp\/v2\/pages\/1077\/revisions\/1882"}],"wp:attachment":[{"href":"https:\/\/www.julabo-stiftung.org\/de\/wp-json\/wp\/v2\/media?parent=1077"}],"curies":[{"name":"wp","href":"https:\/\/api.w.org\/{rel}","templated":true}]}}