{"id":1645,"date":"2024-01-25T10:47:33","date_gmt":"2024-01-25T09:47:33","guid":{"rendered":"https:\/\/www.julabo-stiftung.org\/?page_id=1645"},"modified":"2024-01-25T10:47:34","modified_gmt":"2024-01-25T09:47:34","slug":"das-sagen-unsere-foerderer-ueber-unsere-arbeit","status":"publish","type":"page","link":"https:\/\/www.julabo-stiftung.org\/de\/foerderer-2\/das-sagen-unsere-foerderer-ueber-unsere-arbeit\/","title":{"rendered":"Das sagen unsere F\u00f6rderer \u00fcber unsere Arbeit"},"content":{"rendered":"\n<p><strong>Markus Himmelsbach Himmelsbach Computer GmbH<\/strong><br>Wir unterst\u00fctzen die JULABO Stiftung seit Jahren gerne. Das positive Engagement f\u00fcr Vereine und Bed\u00fcrftige in der Region ist vorbildlich und einzigartig. Ich w\u00fcrde mich sehr freuen, wenn die Stiftung weitere Unterst\u00fctzer findet, um noch mehr Gutes tun zu k\u00f6nnen.<\/p>\n\n\n\n<p><strong>Dr. Heinz Kammers, Kammers und Partner<\/strong><br>Die JULABO Stiftung hilft den Menschen direkt und unmittelbar. Sie leistet praktische Hilfe pur. Kurze Wege . Ohne Verwaltungskosten. Die Spenden kommen 1:1 bei den Menschen an. Und wir wissen: Die Stiftung ist eine echte Herzens-angelegenheit des Stifters. Wunderbar.<\/p>\n\n\n\n<p><strong>Mark Bitterwolf<\/strong><br>Regionale Einrichtungen, Institutionen und Vereine sind ein essentieller Teil unserer Gesellschaft und Kultur, und nicht wegzudenken aus unserem allt\u00e4glichen Leben. Um dies weiter zu f\u00f6rdern, ist es mir eine Herzensangelegenheit, die JULABO Stiftung zu unterst\u00fctzen. <\/p>\n\n\n\n<p><strong>Ralf Wurth<\/strong><br>Gerne unterst\u00fctze ich die Idee der JULABO Stiftung mit der regionalen F\u00f6rderung gemeinn\u00fctziger Institutionen. Das Geld kommt direkt dort an, wo es gebraucht wird!<\/p>\n\n\n\n<p><strong>Oliver Queck, Roskos &amp; Meier OHG Berlin<\/strong><br>Wir unterst\u00fctzen die JULABO Stiftung seit Jahren, damit gemeinn\u00fctzige Projekte der Region gef\u00f6rdert und verwirklicht werden.<\/p>\n\n\n\n<p><strong>Thomas Sch\u00e4fer<\/strong> <br>Gerne unterst\u00fctzen wir die JULABO Stiftung, weil wir wissen, dass die Spenden regional und vollumf\u00e4nglich die Institutionen, Vereine und Einrichtungen erreichen. Das ist Hilfe die RICHTIG ankommt.<\/p>\n\n\n\n<p><strong>Dorothea Oldak<\/strong><br>Als JULABO Mitarbeiterin unterst\u00fctze ich die Arbeit der Stiftung sehr gerne. Mich macht es sehr stolz, f\u00fcr ein Unternehmen zu arbeiten, das in der Region Verantwortung \u00fcbernimmt, sich sozial und gemeinn\u00fctzig engagiert und das Ehrenamt unterst\u00fctzt. Eine Arbeit, die f\u00fcr das Gemeinwohl unbezahlbar, aber ohne Hilfe von F\u00f6rderern kaum durchf\u00fchrbar ist.<\/p>\n","protected":false},"excerpt":{"rendered":"<p>Markus Himmelsbach Himmelsbach Computer GmbHWir unterst\u00fctzen die JULABO Stiftung seit Jahren gerne. Das positive Engagement f\u00fcr Vereine und Bed\u00fcrftige in der Region ist vorbildlich und einzigartig. Ich w\u00fcrde mich sehr freuen, wenn die Stiftung weitere Unterst\u00fctzer findet, um noch mehr Gutes tun zu k\u00f6nnen. Dr. Heinz Kammers, Kammers und PartnerDie JULABO Stiftung hilft den Menschen [&hellip;]<\/p>\n","protected":false},"author":5,"featured_media":0,"parent":1647,"menu_order":0,"comment_status":"closed","ping_status":"closed","template":"","meta":{"footnotes":""},"class_list":["post-1645","page","type-page","status-publish","hentry"],"_links":{"self":[{"href":"https:\/\/www.julabo-stiftung.org\/de\/wp-json\/wp\/v2\/pages\/1645","targetHints":{"allow":["GET"]}}],"collection":[{"href":"https:\/\/www.julabo-stiftung.org\/de\/wp-json\/wp\/v2\/pages"}],"about":[{"href":"https:\/\/www.julabo-stiftung.org\/de\/wp-json\/wp\/v2\/types\/page"}],"author":[{"embeddable":true,"href":"https:\/\/www.julabo-stiftung.org\/de\/wp-json\/wp\/v2\/users\/5"}],"replies":[{"embeddable":true,"href":"https:\/\/www.julabo-stiftung.org\/de\/wp-json\/wp\/v2\/comments?post=1645"}],"version-history":[{"count":2,"href":"https:\/\/www.julabo-stiftung.org\/de\/wp-json\/wp\/v2\/pages\/1645\/revisions"}],"predecessor-version":[{"id":1663,"href":"https:\/\/www.julabo-stiftung.org\/de\/wp-json\/wp\/v2\/pages\/1645\/revisions\/1663"}],"up":[{"embeddable":true,"href":"https:\/\/www.julabo-stiftung.org\/de\/wp-json\/wp\/v2\/pages\/1647"}],"wp:attachment":[{"href":"https:\/\/www.julabo-stiftung.org\/de\/wp-json\/wp\/v2\/media?parent=1645"}],"curies":[{"name":"wp","href":"https:\/\/api.w.org\/{rel}","templated":true}]}}