{"id":1647,"date":"2024-01-25T10:45:45","date_gmt":"2024-01-25T09:45:45","guid":{"rendered":"https:\/\/www.julabo-stiftung.org\/?page_id=1647"},"modified":"2024-01-25T11:06:26","modified_gmt":"2024-01-25T10:06:26","slug":"foerderer-2","status":"publish","type":"page","link":"https:\/\/www.julabo-stiftung.org\/de\/foerderer-2\/","title":{"rendered":"F\u00f6rderer"},"content":{"rendered":"\n<p>Seit der Gr\u00fcndung der JULABO Stiftung im Jahr 2017 konnten wir viele Menschen von unserem Ziel, die Region und ihre Menschen zu unterst\u00fctzen, \u00fcberzeugen und f\u00fcr unsere Sache gewinnen. Zahlreiche Unternehmen aus der Region und noch mehr Privatpersonen helfen uns mit ihrer Spende, dies zu erreichen.<\/p>\n\n\n\n<p>Bei Fragen zu den M\u00f6glichkeiten und auch zu den Paketen Maxi und Midi, kontaktieren Sie uns gerne. <a href=\"https:\/\/www.julabo-stiftung.org\/de\/willkommen-bei-der-julabo-stiftung\/die-stiftung\/kontakt\/\" data-type=\"link\" data-id=\"https:\/\/www.julabo-stiftung.org\/de\/willkommen-bei-der-julabo-stiftung\/die-stiftung\/kontakt\/\">Kontakt <\/a><\/p>\n\n\n\n<p><\/p>\n","protected":false},"excerpt":{"rendered":"<p>Seit der Gr\u00fcndung der JULABO Stiftung im Jahr 2017 konnten wir viele Menschen von unserem Ziel, die Region und ihre Menschen zu unterst\u00fctzen, \u00fcberzeugen und f\u00fcr unsere Sache gewinnen. Zahlreiche Unternehmen aus der Region und noch mehr Privatpersonen helfen uns mit ihrer Spende, dies zu erreichen. Bei Fragen zu den M\u00f6glichkeiten und auch zu den [&hellip;]<\/p>\n","protected":false},"author":5,"featured_media":0,"parent":0,"menu_order":0,"comment_status":"closed","ping_status":"closed","template":"","meta":{"footnotes":""},"class_list":["post-1647","page","type-page","status-publish","hentry"],"_links":{"self":[{"href":"https:\/\/www.julabo-stiftung.org\/de\/wp-json\/wp\/v2\/pages\/1647","targetHints":{"allow":["GET"]}}],"collection":[{"href":"https:\/\/www.julabo-stiftung.org\/de\/wp-json\/wp\/v2\/pages"}],"about":[{"href":"https:\/\/www.julabo-stiftung.org\/de\/wp-json\/wp\/v2\/types\/page"}],"author":[{"embeddable":true,"href":"https:\/\/www.julabo-stiftung.org\/de\/wp-json\/wp\/v2\/users\/5"}],"replies":[{"embeddable":true,"href":"https:\/\/www.julabo-stiftung.org\/de\/wp-json\/wp\/v2\/comments?post=1647"}],"version-history":[{"count":6,"href":"https:\/\/www.julabo-stiftung.org\/de\/wp-json\/wp\/v2\/pages\/1647\/revisions"}],"predecessor-version":[{"id":1661,"href":"https:\/\/www.julabo-stiftung.org\/de\/wp-json\/wp\/v2\/pages\/1647\/revisions\/1661"}],"wp:attachment":[{"href":"https:\/\/www.julabo-stiftung.org\/de\/wp-json\/wp\/v2\/media?parent=1647"}],"curies":[{"name":"wp","href":"https:\/\/api.w.org\/{rel}","templated":true}]}}