{"id":1857,"date":"2024-03-18T11:49:06","date_gmt":"2024-03-18T10:49:06","guid":{"rendered":"https:\/\/www.julabo-stiftung.org\/?page_id=1857"},"modified":"2024-03-18T11:49:06","modified_gmt":"2024-03-18T10:49:06","slug":"foerderpakete","status":"publish","type":"page","link":"https:\/\/www.julabo-stiftung.org\/de\/foerderpakete\/","title":{"rendered":"F\u00f6rderpakete"},"content":{"rendered":"\n<p>Sie m\u00f6chten l\u00e4ngerfristig teil unserer Arbeit und somit Stiftungspartner werden? Sprechen Sie uns an, gerne er\u00f6rtern wir Ihnen die M\u00f6glichkeiten. <\/p>\n\n\n\n<h2 class=\"wp-block-heading\">P<strong>LATIN-PAKET AB EINER SPENDE VON 2.000 \u20ac<\/strong><\/h2>\n\n\n\n<ul class=\"wp-block-list\">\n<li>Ver\u00f6ffentlichung Ihres Firmenlogos auf der Website der Stiftung<\/li>\n\n\n\n<li>Ver\u00f6ffentlichung Ihres pers\u00f6nlichen Statements auf der Website der Stiftung<\/li>\n\n\n\n<li>Ver\u00f6ffentlichung Ihres Firmenlogos in der j\u00e4hrlich neu gedruckten Stiftungsbrosch\u00fcre<\/li>\n\n\n\n<li>Ver\u00f6ffentlichung Ihrer Spende in unseren sozialen Medien<\/li>\n\n\n\n<li>Einladung zum Stiftungsabend<\/li>\n<\/ul>\n\n\n\n<h2 class=\"wp-block-heading\"><strong>GOLD-PAKET AB EINER SPENDE VON 1.000 \u20ac<\/strong><\/h2>\n\n\n\n<ul class=\"wp-block-list\">\n<li>Ver\u00f6ffentlichung Ihres Firmenlogos auf der Website der Stiftung<\/li>\n\n\n\n<li>Verlinkung in den sozialen Medien bei passenden Beitr\u00e4gen der Stiftung<\/li>\n<\/ul>\n\n\n\n<p>Bei Fragen stehen wir Ihnen jederzeit zur Verf\u00fcgung und freuen uns auf Ihre&nbsp;<a href=\"https:\/\/www.julabo-stiftung.org\/de\/kontakt\/\">Nachricht<\/a>.<\/p>\n","protected":false},"excerpt":{"rendered":"<p>Sie m\u00f6chten l\u00e4ngerfristig teil unserer Arbeit und somit Stiftungspartner werden? Sprechen Sie uns an, gerne er\u00f6rtern wir Ihnen die M\u00f6glichkeiten. PLATIN-PAKET AB EINER SPENDE VON 2.000 \u20ac GOLD-PAKET AB EINER SPENDE VON 1.000 \u20ac Bei Fragen stehen wir Ihnen jederzeit zur Verf\u00fcgung und freuen uns auf Ihre&nbsp;Nachricht.<\/p>\n","protected":false},"author":5,"featured_media":0,"parent":0,"menu_order":0,"comment_status":"closed","ping_status":"closed","template":"","meta":{"footnotes":""},"class_list":["post-1857","page","type-page","status-publish","hentry"],"_links":{"self":[{"href":"https:\/\/www.julabo-stiftung.org\/de\/wp-json\/wp\/v2\/pages\/1857","targetHints":{"allow":["GET"]}}],"collection":[{"href":"https:\/\/www.julabo-stiftung.org\/de\/wp-json\/wp\/v2\/pages"}],"about":[{"href":"https:\/\/www.julabo-stiftung.org\/de\/wp-json\/wp\/v2\/types\/page"}],"author":[{"embeddable":true,"href":"https:\/\/www.julabo-stiftung.org\/de\/wp-json\/wp\/v2\/users\/5"}],"replies":[{"embeddable":true,"href":"https:\/\/www.julabo-stiftung.org\/de\/wp-json\/wp\/v2\/comments?post=1857"}],"version-history":[{"count":1,"href":"https:\/\/www.julabo-stiftung.org\/de\/wp-json\/wp\/v2\/pages\/1857\/revisions"}],"predecessor-version":[{"id":1858,"href":"https:\/\/www.julabo-stiftung.org\/de\/wp-json\/wp\/v2\/pages\/1857\/revisions\/1858"}],"wp:attachment":[{"href":"https:\/\/www.julabo-stiftung.org\/de\/wp-json\/wp\/v2\/media?parent=1857"}],"curies":[{"name":"wp","href":"https:\/\/api.w.org\/{rel}","templated":true}]}}